{"id":10730,"date":"2023-09-18T16:24:44","date_gmt":"2023-09-18T16:24:44","guid":{"rendered":"https:\/\/cleanster.uk\/?page_id=10730"},"modified":"2024-01-04T05:47:22","modified_gmt":"2024-01-04T05:47:22","slug":"the-best-airbnb-cleaning-app-in-opelika-alabama-cleanster","status":"publish","type":"page","link":"https:\/\/cleanster.uk\/es\/la-mejor-aplicacion-de-limpieza-de-airbnb-en-opelika-alabama-cleanster\/","title":{"rendered":"The Best Airbnb cleaning app in Opelika, Alabama &#8211; Cleanster"},"content":{"rendered":"<h2><span style=\"font-weight: 400; color: #ffffff;\">App for Airbnb cleaning service in Opelika, Alabama<\/span><\/h2>\n<p><span style=\"color: #ffffff;\"><span style=\"font-weight: 400;\">Keep your property clean and organized so you can increase your client&#8217;s rating or review by using our Airbnb cleaning app in Opelika, Alabama.<\/span><b>\u00a0<\/b><span style=\"font-weight: 400;\">Utilizando el<\/span><a style=\"color: #ffffff;\" href=\"https:\/\/cleanster.uk\/str\"> <span style=\"font-weight: 400;\">Aplicaci\u00f3n limpiadora<\/span><\/a><span style=\"font-weight: 400;\"> Para la aplicaci\u00f3n de limpieza de Airbnb, puede obtener una limpieza excelente y de nivel profesional para su alojamiento para garantizar que sus clientes est\u00e9n satisfechos con su profesionalismo como anfitri\u00f3n. Como empresario o propietario de una vivienda, iniciar su negocio con la<\/span><a style=\"color: #ffffff;\" href=\"https:\/\/cleanster.uk\/str\"> <span style=\"font-weight: 400;\">Limpiador<\/span><\/a><span style=\"font-weight: 400;\"> lo beneficiar\u00eda y puede ser una buena opci\u00f3n para su negocio. El<\/span><a style=\"color: #ffffff;\" href=\"https:\/\/cleanster.uk\/str\"> <span style=\"font-weight: 400;\">Limpiador<\/span><\/a><b> La aplicaci\u00f3n facilita las cosas y mantiene todo profesional. <\/b><span style=\"font-weight: 400;\">Ahora estamos sirviendo a todo<\/span> Opelika, Alabama.<\/span><\/p>\n<p><span style=\"color: #ffffff;\"><span style=\"font-weight: 400;\">So if you are looking for Airbnb Cleaning in Opelika, Alabama<\/span><b>.<\/b><span style=\"font-weight: 400;\"> Don&#8217;t hesitate.<\/span><\/span><\/p>\n<h2><span style=\"font-weight: 400; color: #ffffff;\">The best airbnb cleaning app in Opelika, Alabama<\/span><\/h2>\n<p><span style=\"color: #ffffff;\"><b>Airbnb housekeeping&#8217;s job<\/b><span style=\"font-weight: 400;\"> es limpiar su propiedad utilizando productos y procesos de limpieza \u00fanicos.<\/span><\/span><\/p>\n<p><span style=\"font-weight: 400; color: #ffffff;\">Le ayudar\u00e1 a mantenerse al d\u00eda con la programaci\u00f3n.<\/span><\/p>\n<p><span style=\"font-weight: 400; color: #ffffff;\">\u00a0Puede realizar inspecciones m\u00f3viles de propiedades para ahorrar tiempo a los administradores de propiedades en alquileres vacacionales.\u00a0<\/span><\/p>\n<p><span style=\"font-weight: 400; color: #ffffff;\">Puede incorporar sus \u00edconos de estado para realizar un seguimiento de notas, fotos, registros VIP y salidas tard\u00edas.<\/span><\/p>\n<p><span style=\"font-weight: 400; color: #ffffff;\">Facilite las cosas a las empresas de limpieza y de administraci\u00f3n de propiedades.<\/span><\/p>\n<h2><span style=\"font-weight: 400; color: #ffffff;\">Aplicaci\u00f3n Calendario de limpieza Cleanster<\/span><\/h2>\n<p><span style=\"color: #ffffff;\"><span style=\"font-weight: 400;\">Si no desea enviar su calendario por correo electr\u00f3nico al limpiador para evitar escribir fechas y actualizar, pruebe la<\/span><a style=\"color: #ffffff;\" href=\"https:\/\/cleanster.uk\/str\"> <span style=\"font-weight: 400;\">Limpiador<\/span><\/a><span style=\"font-weight: 400;\">. The Cleanster will help you to sync with your Airbnb account. Using our Airbnb app, you can use images, so the cleaner knows what to look out for and send it to them. Send your Airbnb calendar link to your cleanser for the booking dates.<\/span><\/span><\/p>\n<h2><span style=\"font-weight: 400; color: #ffffff;\">Lista de verificaci\u00f3n de limpieza de Airbnb<\/span><\/h2>\n<p><span style=\"font-weight: 400; color: #ffffff;\">Nuestros limpiadores profesionales limpiar\u00e1n y desinfectar\u00e1n profundamente cada mueble y dispositivo electr\u00f3nico, lavar\u00e1n y cambiar\u00e1n s\u00e1banas y toallas, har\u00e1n camas estilo hotel y limpiar\u00e1n profundamente la cocina y el ba\u00f1o. Barrer\u00e1n y trapear\u00e1n los pisos y aspirar\u00e1n las alfombras. Sacar la basura. Recarga art\u00edculos esenciales, art\u00edculos de tocador y espejos limpios y brillantes. Somos dedicados y tenemos mucho conocimiento para brindar resultados de limpieza de alta calidad.<\/span><\/p>","protected":false},"excerpt":{"rendered":"<p>App for Airbnb cleaning service in Opelika, Alabama Keep your property clean and organized so you can increase your client&#8217;s rating or review by using our Airbnb cleaning app in Opelika, Alabama.\u00a0Using the Cleanster app for Airbnb cleaning app, you can get excellent and professional-grade cleaning for your place to ensure your customers are satisfied [&hellip;]<\/p>\n","protected":false},"author":2,"featured_media":0,"parent":0,"menu_order":0,"comment_status":"closed","ping_status":"closed","template":"templates\/str.php","meta":{"_acf_changed":false,"footnotes":""},"class_list":["post-10730","page","type-page","status-publish","hentry","entry"],"acf":[],"aioseo_notices":[],"_links":{"self":[{"href":"https:\/\/cleanster.uk\/es\/wp-json\/wp\/v2\/pages\/10730","targetHints":{"allow":["GET"]}}],"collection":[{"href":"https:\/\/cleanster.uk\/es\/wp-json\/wp\/v2\/pages"}],"about":[{"href":"https:\/\/cleanster.uk\/es\/wp-json\/wp\/v2\/types\/page"}],"author":[{"embeddable":true,"href":"https:\/\/cleanster.uk\/es\/wp-json\/wp\/v2\/users\/2"}],"replies":[{"embeddable":true,"href":"https:\/\/cleanster.uk\/es\/wp-json\/wp\/v2\/comments?post=10730"}],"version-history":[{"count":0,"href":"https:\/\/cleanster.uk\/es\/wp-json\/wp\/v2\/pages\/10730\/revisions"}],"wp:attachment":[{"href":"https:\/\/cleanster.uk\/es\/wp-json\/wp\/v2\/media?parent=10730"}],"curies":[{"name":"wp","href":"https:\/\/api.w.org\/{rel}","templated":true}]}}