{"id":19428,"date":"2023-11-09T09:10:57","date_gmt":"2023-11-09T09:10:57","guid":{"rendered":"https:\/\/cleanster.uk\/?page_id=19428"},"modified":"2023-12-14T02:53:27","modified_gmt":"2023-12-14T02:53:27","slug":"best-airbnb-cleaners-us-texas-bryan","status":"publish","type":"page","link":"https:\/\/cleanster.uk\/fr\/meilleurs-nettoyeurs-airbnb-nous-texas-bryan\/","title":{"rendered":"The Best Airbnb Cleaning Service App in Bryan, Texas &#8211; Cleanster"},"content":{"rendered":"<h2><span style=\"font-weight: 400; color: #ffffff;\">App for Airbnb cleaning service in Bryan, Texas<\/span><\/h2>\n<p><span style=\"color: #ffffff;\"><span style=\"font-weight: 400;\">Keep your property clean and organized so you can increase your client&#8217;s rating or review by using our Airbnb cleaning app in <a href=\"https:\/\/en.wikipedia.org\/wiki\/Bryan,_Texas\">Bryan, Texas<\/a><\/span><b>. <\/b><span style=\"font-weight: 400;\">En utilisant le<\/span><a style=\"color: #ffffff;\" href=\"https:\/\/cleanster.uk\/str\"> <span style=\"font-weight: 400;\">Application nettoyante<\/span><\/a><span style=\"font-weight: 400;\"> pour l&#039;application de nettoyage Airbnb, vous pouvez obtenir un excellent nettoyage de qualit\u00e9 professionnelle pour votre logement afin de garantir que vos clients sont satisfaits de votre professionnalisme d&#039;h\u00e9bergement. En tant qu&#039;entrepreneur ou propri\u00e9taire, d\u00e9marrer votre entreprise avec le<\/span><a style=\"color: #ffffff;\" href=\"https:\/\/cleanster.uk\/str\"> <span style=\"font-weight: 400;\">Nettoyant<\/span><\/a><span style=\"font-weight: 400;\"> vous serait b\u00e9n\u00e9fique et cela peut \u00eatre un bon choix pour votre entreprise. Le<\/span><a style=\"color: #ffffff;\" href=\"https:\/\/cleanster.uk\/str\"> <span style=\"font-weight: 400;\">Nettoyant<\/span><\/a><b> L&#039;application rend les choses faciles et garde tout professionnel. <\/b><span style=\"font-weight: 400;\">Maintenant, nous servons l&#039;ensemble<\/span> <a href=\"https:\/\/en.wikipedia.org\/wiki\/Bryan,_Texas\">Bryan, Texas.<\/a><\/span><\/p>\n<p><span style=\"color: #ffffff;\"><span style=\"font-weight: 400;\">So if you are looking for Airbnb Cleaning in Bryan, Texas<\/span><b>.<\/b><span style=\"font-weight: 400;\"> Don&#8217;t hesitate.<\/span><\/span><\/p>\n<h2><span style=\"font-weight: 400; color: #ffffff;\">The best airbnb cleaning app in Bryan, Texas<\/span><\/h2>\n<p><span style=\"color: #ffffff;\"><b>Airbnb housekeeping&#8217;s job<\/b><span style=\"font-weight: 400;\"> est de nettoyer votre propri\u00e9t\u00e9 en utilisant des produits et des proc\u00e9d\u00e9s de nettoyage uniques.<\/span><\/span><\/p>\n<p><span style=\"font-weight: 400; color: #ffffff;\">Cela vous aidera \u00e0 respecter votre planning.<\/span><\/p>\n<p><span style=\"font-weight: 400; color: #ffffff;\">\u00a0Vous pouvez effectuer des inspections immobili\u00e8res mobiles pour faire gagner du temps \u00e0 vos gestionnaires immobiliers sur les locations de vacances.\u00a0<\/span><\/p>\n<p><span style=\"font-weight: 400; color: #ffffff;\">Vous pouvez int\u00e9grer vos ic\u00f4nes de statut pour suivre les notes, les photos, les enregistrements VIP et les d\u00e9parts tardifs.<\/span><\/p>\n<p><span style=\"font-weight: 400; color: #ffffff;\">Facilitez les choses pour les entreprises d\u2019entretien m\u00e9nager et les soci\u00e9t\u00e9s de gestion immobili\u00e8re.<\/span><\/p>\n<h2><span style=\"font-weight: 400; color: #ffffff;\">Application de calendrier de nettoyage Cleanster<\/span><\/h2>\n<p><span style=\"color: #ffffff;\"><span style=\"font-weight: 400;\">Si vous ne souhaitez pas envoyer votre calendrier par courrier \u00e9lectronique au nettoyeur pour \u00e9viter de saisir des dates et de mettre \u00e0 jour, essayez le<\/span><a style=\"color: #ffffff;\" href=\"https:\/\/cleanster.uk\/str\"> <span style=\"font-weight: 400;\">Nettoyant<\/span><\/a><span style=\"font-weight: 400;\">. Le Cleanster vous aidera \u00e0 vous synchroniser avec votre compte Airbnb. Gr\u00e2ce \u00e0 notre application Airbnb, vous pouvez utiliser des images afin que le nettoyeur sache quoi rechercher et les lui envoyer. Envoyez le lien de votre calendrier Airbnb \u00e0 votre nettoyeur pour conna\u00eetre les dates de r\u00e9servation.<\/span><\/span><\/p>\n<h2><span style=\"font-weight: 400; color: #ffffff;\">Liste de contr\u00f4le de nettoyage Airbnb<\/span><\/h2>\n<p><span style=\"font-weight: 400; color: #ffffff;\">Nos nettoyeurs professionnels nettoieront et d\u00e9sinfecteront en profondeur chaque meuble et appareil \u00e9lectronique, laveront et changeront les draps et les serviettes, fabriqueront des lits de style h\u00f4telier et nettoieront en profondeur la cuisine et la salle de bain. Ils balayeront et passeront la serpilli\u00e8re sur les sols et passeront l&#039;aspirateur sur les tapis. Sortir les poubelles. Remplissez les essentiels, les articles de toilette et les miroirs propres et lumineux. Nous sommes d\u00e9vou\u00e9s et tr\u00e8s comp\u00e9tents pour fournir des r\u00e9sultats de nettoyage de haute qualit\u00e9.<\/span><\/p>","protected":false},"excerpt":{"rendered":"<p>App for Airbnb cleaning service in Bryan, Texas Keep your property clean and organized so you can increase your client&#8217;s rating or review by using our Airbnb cleaning app in Bryan, Texas. Using the Cleanster app for Airbnb cleaning app, you can get excellent and professional-grade cleaning for your place to ensure your customers are [&hellip;]<\/p>\n","protected":false},"author":2,"featured_media":0,"parent":0,"menu_order":0,"comment_status":"closed","ping_status":"closed","template":"templates\/str.php","meta":{"_acf_changed":false,"footnotes":""},"class_list":["post-19428","page","type-page","status-publish","hentry","entry"],"acf":[],"aioseo_notices":[],"_links":{"self":[{"href":"https:\/\/cleanster.uk\/fr\/wp-json\/wp\/v2\/pages\/19428","targetHints":{"allow":["GET"]}}],"collection":[{"href":"https:\/\/cleanster.uk\/fr\/wp-json\/wp\/v2\/pages"}],"about":[{"href":"https:\/\/cleanster.uk\/fr\/wp-json\/wp\/v2\/types\/page"}],"author":[{"embeddable":true,"href":"https:\/\/cleanster.uk\/fr\/wp-json\/wp\/v2\/users\/2"}],"replies":[{"embeddable":true,"href":"https:\/\/cleanster.uk\/fr\/wp-json\/wp\/v2\/comments?post=19428"}],"version-history":[{"count":0,"href":"https:\/\/cleanster.uk\/fr\/wp-json\/wp\/v2\/pages\/19428\/revisions"}],"wp:attachment":[{"href":"https:\/\/cleanster.uk\/fr\/wp-json\/wp\/v2\/media?parent=19428"}],"curies":[{"name":"wp","href":"https:\/\/api.w.org\/{rel}","templated":true}]}}