{"id":19428,"date":"2023-11-09T09:10:57","date_gmt":"2023-11-09T09:10:57","guid":{"rendered":"https:\/\/cleanster.uk\/?page_id=19428"},"modified":"2023-12-14T02:53:27","modified_gmt":"2023-12-14T02:53:27","slug":"best-airbnb-cleaners-us-texas-bryan","status":"publish","type":"page","link":"https:\/\/cleanster.uk\/pt\/melhores-produtos-de-limpeza-do-airbnb-nos-texas-bryan\/","title":{"rendered":"The Best Airbnb Cleaning Service App in Bryan, Texas &#8211; Cleanster"},"content":{"rendered":"<h2><span style=\"font-weight: 400; color: #ffffff;\">App for Airbnb cleaning service in Bryan, Texas<\/span><\/h2>\n<p><span style=\"color: #ffffff;\"><span style=\"font-weight: 400;\">Keep your property clean and organized so you can increase your client&#8217;s rating or review by using our Airbnb cleaning app in <a href=\"https:\/\/en.wikipedia.org\/wiki\/Bryan,_Texas\">Bryan, Texas<\/a><\/span><b>. <\/b><span style=\"font-weight: 400;\">Usando o<\/span><a style=\"color: #ffffff;\" href=\"https:\/\/cleanster.uk\/str\"> <span style=\"font-weight: 400;\">Aplicativo limpador<\/span><\/a><span style=\"font-weight: 400;\"> para o aplicativo de limpeza do Airbnb, voc\u00ea pode obter uma limpeza excelente e de n\u00edvel profissional para seu local, para garantir que seus clientes fiquem satisfeitos com seu profissionalismo de hospedagem. Como empres\u00e1rio ou propriet\u00e1rio, iniciar o seu neg\u00f3cio com o<\/span><a style=\"color: #ffffff;\" href=\"https:\/\/cleanster.uk\/str\"> <span style=\"font-weight: 400;\">Limpador<\/span><\/a><span style=\"font-weight: 400;\"> beneficiaria voc\u00ea e pode ser uma boa escolha para o seu neg\u00f3cio. O<\/span><a style=\"color: #ffffff;\" href=\"https:\/\/cleanster.uk\/str\"> <span style=\"font-weight: 400;\">Limpador<\/span><\/a><b> app facilita as coisas e mant\u00e9m tudo profissional. <\/b><span style=\"font-weight: 400;\">Agora estamos atendendo todo<\/span> <a href=\"https:\/\/en.wikipedia.org\/wiki\/Bryan,_Texas\">Bryan, Texas.<\/a><\/span><\/p>\n<p><span style=\"color: #ffffff;\"><span style=\"font-weight: 400;\">So if you are looking for Airbnb Cleaning in Bryan, Texas<\/span><b>.<\/b><span style=\"font-weight: 400;\"> Don&#8217;t hesitate.<\/span><\/span><\/p>\n<h2><span style=\"font-weight: 400; color: #ffffff;\">The best airbnb cleaning app in Bryan, Texas<\/span><\/h2>\n<p><span style=\"color: #ffffff;\"><b>Airbnb housekeeping&#8217;s job<\/b><span style=\"font-weight: 400;\"> \u00e9 limpar sua propriedade usando produtos e processos de limpeza exclusivos.<\/span><\/span><\/p>\n<p><span style=\"font-weight: 400; color: #ffffff;\">Isso o ajudar\u00e1 a acompanhar o agendamento.<\/span><\/p>\n<p><span style=\"font-weight: 400; color: #ffffff;\">\u00a0Voc\u00ea pode fazer inspe\u00e7\u00f5es m\u00f3veis de propriedades para economizar tempo dos gerentes de propriedades em alugu\u00e9is por temporada.\u00a0<\/span><\/p>\n<p><span style=\"font-weight: 400; color: #ffffff;\">Voc\u00ea pode incorporar seus \u00edcones de status para rastrear notas, fotos, check-ins VIP e check-out tardio.<\/span><\/p>\n<p><span style=\"font-weight: 400; color: #ffffff;\">Facilite as coisas para empresas de limpeza e administra\u00e7\u00e3o de propriedades.<\/span><\/p>\n<h2><span style=\"font-weight: 400; color: #ffffff;\">Aplicativo de calend\u00e1rio de limpeza Cleanster<\/span><\/h2>\n<p><span style=\"color: #ffffff;\"><span style=\"font-weight: 400;\">Se voc\u00ea n\u00e3o quiser enviar sua agenda por e-mail para a faxineira para evitar digitar datas e atualiz\u00e1-la, tente o<\/span><a style=\"color: #ffffff;\" href=\"https:\/\/cleanster.uk\/str\"> <span style=\"font-weight: 400;\">Limpador<\/span><\/a><span style=\"font-weight: 400;\">. O Cleanster ir\u00e1 ajud\u00e1-lo a sincronizar com sua conta do Airbnb. Usando nosso aplicativo airbnb, voc\u00ea pode usar imagens, para que o faxineiro saiba o que procurar e envie para eles. Envie o link do seu calend\u00e1rio do Airbnb para o seu limpador para saber as datas da reserva.<\/span><\/span><\/p>\n<h2><span style=\"font-weight: 400; color: #ffffff;\">Lista de verifica\u00e7\u00e3o de limpeza do Airbnb<\/span><\/h2>\n<p><span style=\"font-weight: 400; color: #ffffff;\">Nossos limpadores profissionais limpar\u00e3o e higienizar\u00e3o profundamente todos os m\u00f3veis e dispositivos eletr\u00f4nicos, lavar\u00e3o e trocar\u00e3o len\u00e7\u00f3is e toalhas, far\u00e3o camas estilo hotel e limpar\u00e3o profundamente a cozinha e o banheiro. Eles v\u00e3o varrer e esfregar o ch\u00e3o e aspirar os tapetes. Tirar o lixo. Reabaste\u00e7a itens essenciais, produtos de higiene pessoal e espelhos limpos e brilhantes. Somos dedicados e temos muito conhecimento em fornecer resultados de limpeza de alta qualidade.<\/span><\/p>","protected":false},"excerpt":{"rendered":"<p>App for Airbnb cleaning service in Bryan, Texas Keep your property clean and organized so you can increase your client&#8217;s rating or review by using our Airbnb cleaning app in Bryan, Texas. Using the Cleanster app for Airbnb cleaning app, you can get excellent and professional-grade cleaning for your place to ensure your customers are [&hellip;]<\/p>\n","protected":false},"author":2,"featured_media":0,"parent":0,"menu_order":0,"comment_status":"closed","ping_status":"closed","template":"templates\/str.php","meta":{"_acf_changed":false,"footnotes":""},"class_list":["post-19428","page","type-page","status-publish","hentry","entry"],"acf":[],"aioseo_notices":[],"_links":{"self":[{"href":"https:\/\/cleanster.uk\/pt\/wp-json\/wp\/v2\/pages\/19428","targetHints":{"allow":["GET"]}}],"collection":[{"href":"https:\/\/cleanster.uk\/pt\/wp-json\/wp\/v2\/pages"}],"about":[{"href":"https:\/\/cleanster.uk\/pt\/wp-json\/wp\/v2\/types\/page"}],"author":[{"embeddable":true,"href":"https:\/\/cleanster.uk\/pt\/wp-json\/wp\/v2\/users\/2"}],"replies":[{"embeddable":true,"href":"https:\/\/cleanster.uk\/pt\/wp-json\/wp\/v2\/comments?post=19428"}],"version-history":[{"count":0,"href":"https:\/\/cleanster.uk\/pt\/wp-json\/wp\/v2\/pages\/19428\/revisions"}],"wp:attachment":[{"href":"https:\/\/cleanster.uk\/pt\/wp-json\/wp\/v2\/media?parent=19428"}],"curies":[{"name":"wp","href":"https:\/\/api.w.org\/{rel}","templated":true}]}}